{"id":9165,"date":"2025-06-12T19:38:14","date_gmt":"2025-06-12T11:38:14","guid":{"rendered":"https:\/\/hotianwindows.com\/?post_type=product&#038;p=9165"},"modified":"2025-06-12T19:39:58","modified_gmt":"2025-06-12T11:39:58","slug":"awning-steel-windows","status":"publish","type":"product","link":"https:\/\/hotianwindows.com\/pt\/product\/awning-steel-windows\/","title":{"rendered":"Janela de a\u00e7o para toldo, janelas de metal para escrit\u00f3rios e resid\u00eancias"},"content":{"rendered":"","protected":false},"featured_media":9168,"template":"","categories":[39],"class_list":["post-9165","product","type-product","status-publish","has-post-thumbnail","hentry","category-awning-windows"],"acf":[],"_links":{"self":[{"href":"https:\/\/hotianwindows.com\/pt\/wp-json\/wp\/v2\/product\/9165","targetHints":{"allow":["GET"]}}],"collection":[{"href":"https:\/\/hotianwindows.com\/pt\/wp-json\/wp\/v2\/product"}],"about":[{"href":"https:\/\/hotianwindows.com\/pt\/wp-json\/wp\/v2\/types\/product"}],"wp:featuredmedia":[{"embeddable":true,"href":"https:\/\/hotianwindows.com\/pt\/wp-json\/wp\/v2\/media\/9168"}],"wp:attachment":[{"href":"https:\/\/hotianwindows.com\/pt\/wp-json\/wp\/v2\/media?parent=9165"}],"wp:term":[{"taxonomy":"category","embeddable":true,"href":"https:\/\/hotianwindows.com\/pt\/wp-json\/wp\/v2\/categories?post=9165"}],"curies":[{"name":"wp","href":"https:\/\/api.w.org\/{rel}","templated":true}]}}