{"id":9352,"date":"2025-06-11T21:59:28","date_gmt":"2025-06-11T13:59:28","guid":{"rendered":"https:\/\/hotianwindows.com\/?post_type=product&#038;p=9352"},"modified":"2026-01-19T15:26:39","modified_gmt":"2026-01-19T07:26:39","slug":"broken-bridge-aluminum-bifold-windows","status":"publish","type":"product","link":"https:\/\/hotianwindows.com\/fr\/product\/broken-bridge-aluminum-bifold-windows\/","title":{"rendered":"Fen\u00eatres pliantes isol\u00e9es en aluminium de qualit\u00e9 sup\u00e9rieure, r\u00e9sistantes aux chocs et insonoris\u00e9es"},"content":{"rendered":"","protected":false},"featured_media":9360,"template":"","categories":[37,38],"class_list":["post-9352","product","type-product","status-publish","has-post-thumbnail","hentry","category-aluminum-windows","category-bifold-windows"],"acf":[],"_links":{"self":[{"href":"https:\/\/hotianwindows.com\/fr\/wp-json\/wp\/v2\/product\/9352","targetHints":{"allow":["GET"]}}],"collection":[{"href":"https:\/\/hotianwindows.com\/fr\/wp-json\/wp\/v2\/product"}],"about":[{"href":"https:\/\/hotianwindows.com\/fr\/wp-json\/wp\/v2\/types\/product"}],"wp:featuredmedia":[{"embeddable":true,"href":"https:\/\/hotianwindows.com\/fr\/wp-json\/wp\/v2\/media\/9360"}],"wp:attachment":[{"href":"https:\/\/hotianwindows.com\/fr\/wp-json\/wp\/v2\/media?parent=9352"}],"wp:term":[{"taxonomy":"category","embeddable":true,"href":"https:\/\/hotianwindows.com\/fr\/wp-json\/wp\/v2\/categories?post=9352"}],"curies":[{"name":"wp","href":"https:\/\/api.w.org\/{rel}","templated":true}]}}