{"id":6352,"date":"2025-03-24T16:30:17","date_gmt":"2025-03-24T08:30:17","guid":{"rendered":"https:\/\/hotianwindows.com\/?post_type=product&#038;p=6352"},"modified":"2025-10-29T16:44:10","modified_gmt":"2025-10-29T08:44:10","slug":"twin-single-hung-windows-with-low-e-glass","status":"publish","type":"product","link":"https:\/\/hotianwindows.com\/fr\/product\/twin-single-hung-windows-with-low-e-glass\/","title":{"rendered":"Fen\u00eatres \u00e0 guillotine simple double avec verre \u00e0 faible \u00e9missivit\u00e9"},"content":{"rendered":"","protected":false},"featured_media":6357,"template":"","categories":[14],"class_list":["post-6352","product","type-product","status-publish","has-post-thumbnail","hentry","category-single-hung-windows"],"acf":[],"_links":{"self":[{"href":"https:\/\/hotianwindows.com\/fr\/wp-json\/wp\/v2\/product\/6352","targetHints":{"allow":["GET"]}}],"collection":[{"href":"https:\/\/hotianwindows.com\/fr\/wp-json\/wp\/v2\/product"}],"about":[{"href":"https:\/\/hotianwindows.com\/fr\/wp-json\/wp\/v2\/types\/product"}],"wp:featuredmedia":[{"embeddable":true,"href":"https:\/\/hotianwindows.com\/fr\/wp-json\/wp\/v2\/media\/6357"}],"wp:attachment":[{"href":"https:\/\/hotianwindows.com\/fr\/wp-json\/wp\/v2\/media?parent=6352"}],"wp:term":[{"taxonomy":"category","embeddable":true,"href":"https:\/\/hotianwindows.com\/fr\/wp-json\/wp\/v2\/categories?post=6352"}],"curies":[{"name":"wp","href":"https:\/\/api.w.org\/{rel}","templated":true}]}}