{"id":6282,"date":"2025-06-18T19:43:57","date_gmt":"2025-06-18T11:43:57","guid":{"rendered":"https:\/\/hotianwindows.com\/?post_type=product&#038;p=6282"},"modified":"2025-08-12T09:58:49","modified_gmt":"2025-08-12T01:58:49","slug":"black-vinyl-casement-windows","status":"publish","type":"product","link":"https:\/\/hotianwindows.com\/fr\/product\/black-vinyl-casement-windows\/","title":{"rendered":"Fen\u00eatres \u00e0 battants en vinyle noir Fen\u00eatre de remplacement en UPVC"},"content":{"rendered":"","protected":false},"featured_media":6285,"template":"","categories":[41],"class_list":["post-6282","product","type-product","status-publish","has-post-thumbnail","hentry","category-vinyl-windows"],"acf":[],"_links":{"self":[{"href":"https:\/\/hotianwindows.com\/fr\/wp-json\/wp\/v2\/product\/6282","targetHints":{"allow":["GET"]}}],"collection":[{"href":"https:\/\/hotianwindows.com\/fr\/wp-json\/wp\/v2\/product"}],"about":[{"href":"https:\/\/hotianwindows.com\/fr\/wp-json\/wp\/v2\/types\/product"}],"wp:featuredmedia":[{"embeddable":true,"href":"https:\/\/hotianwindows.com\/fr\/wp-json\/wp\/v2\/media\/6285"}],"wp:attachment":[{"href":"https:\/\/hotianwindows.com\/fr\/wp-json\/wp\/v2\/media?parent=6282"}],"wp:term":[{"taxonomy":"category","embeddable":true,"href":"https:\/\/hotianwindows.com\/fr\/wp-json\/wp\/v2\/categories?post=6282"}],"curies":[{"name":"wp","href":"https:\/\/api.w.org\/{rel}","templated":true}]}}