{"id":4992,"date":"2025-02-11T20:47:55","date_gmt":"2025-02-11T12:47:55","guid":{"rendered":"https:\/\/hotianwindows.com\/?post_type=product&#038;p=4992"},"modified":"2025-10-29T16:20:39","modified_gmt":"2025-10-29T08:20:39","slug":"customized-double-glazed-steel-french-glass-doors","status":"publish","type":"product","link":"https:\/\/hotianwindows.com\/fr\/product\/customized-double-glazed-steel-french-glass-doors\/","title":{"rendered":"Portes vitr\u00e9es fran\u00e7aises en acier \u00e0 double vitrage personnalis\u00e9es"},"content":{"rendered":"","protected":false},"featured_media":4999,"template":"","categories":[9],"class_list":["post-4992","product","type-product","status-publish","has-post-thumbnail","hentry","category-steel-french-doors"],"acf":[],"_links":{"self":[{"href":"https:\/\/hotianwindows.com\/fr\/wp-json\/wp\/v2\/product\/4992","targetHints":{"allow":["GET"]}}],"collection":[{"href":"https:\/\/hotianwindows.com\/fr\/wp-json\/wp\/v2\/product"}],"about":[{"href":"https:\/\/hotianwindows.com\/fr\/wp-json\/wp\/v2\/types\/product"}],"wp:featuredmedia":[{"embeddable":true,"href":"https:\/\/hotianwindows.com\/fr\/wp-json\/wp\/v2\/media\/4999"}],"wp:attachment":[{"href":"https:\/\/hotianwindows.com\/fr\/wp-json\/wp\/v2\/media?parent=4992"}],"wp:term":[{"taxonomy":"category","embeddable":true,"href":"https:\/\/hotianwindows.com\/fr\/wp-json\/wp\/v2\/categories?post=4992"}],"curies":[{"name":"wp","href":"https:\/\/api.w.org\/{rel}","templated":true}]}}