{"id":4936,"date":"2025-02-11T22:16:31","date_gmt":"2025-02-11T14:16:31","guid":{"rendered":"https:\/\/hotianwindows.com\/?post_type=product&#038;p=4936"},"modified":"2025-10-29T16:08:47","modified_gmt":"2025-10-29T08:08:47","slug":"metal-frame-pivot-doors","status":"publish","type":"product","link":"https:\/\/hotianwindows.com\/fr\/product\/metal-frame-pivot-doors\/","title":{"rendered":"Portes pivotantes int\u00e9rieures \u00e0 cadre m\u00e9tallique pour salon"},"content":{"rendered":"","protected":false},"featured_media":4938,"template":"","categories":[9],"class_list":["post-4936","product","type-product","status-publish","has-post-thumbnail","hentry","category-steel-french-doors"],"acf":[],"_links":{"self":[{"href":"https:\/\/hotianwindows.com\/fr\/wp-json\/wp\/v2\/product\/4936","targetHints":{"allow":["GET"]}}],"collection":[{"href":"https:\/\/hotianwindows.com\/fr\/wp-json\/wp\/v2\/product"}],"about":[{"href":"https:\/\/hotianwindows.com\/fr\/wp-json\/wp\/v2\/types\/product"}],"wp:featuredmedia":[{"embeddable":true,"href":"https:\/\/hotianwindows.com\/fr\/wp-json\/wp\/v2\/media\/4938"}],"wp:attachment":[{"href":"https:\/\/hotianwindows.com\/fr\/wp-json\/wp\/v2\/media?parent=4936"}],"wp:term":[{"taxonomy":"category","embeddable":true,"href":"https:\/\/hotianwindows.com\/fr\/wp-json\/wp\/v2\/categories?post=4936"}],"curies":[{"name":"wp","href":"https:\/\/api.w.org\/{rel}","templated":true}]}}