{"id":1519,"date":"2024-09-20T11:05:37","date_gmt":"2024-09-20T11:05:37","guid":{"rendered":"https:\/\/hotianwindows.com\/?post_type=products&#038;p=1519"},"modified":"2025-10-29T15:46:45","modified_gmt":"2025-10-29T07:46:45","slug":"soundproof-upvc-sliding-windows","status":"publish","type":"product","link":"https:\/\/hotianwindows.com\/fr\/product\/soundproof-upvc-sliding-windows\/","title":{"rendered":"Fen\u00eatres \u00e0 battants en PVC insonoris\u00e9es personnalisables pour la r\u00e9duction du bruit"},"content":{"rendered":"<p><!-- \/wp:post-content --><\/p>\n<p><!-- \/wp:list --><\/p>\n<p><!-- wp:paragraph --><\/p>\n<p><!-- \/wp:paragraph --><\/p>\n<p><!-- wp:paragraph --><\/p>\n<p><!-- \/wp:paragraph --><\/p>\n\n<!-- wp:paragraph -->\n<p><\/p>\n<!-- \/wp:paragraph -->","protected":false},"featured_media":3256,"template":"","categories":[16],"class_list":["post-1519","product","type-product","status-publish","has-post-thumbnail","hentry","category-casement-windows"],"acf":[],"_links":{"self":[{"href":"https:\/\/hotianwindows.com\/fr\/wp-json\/wp\/v2\/product\/1519","targetHints":{"allow":["GET"]}}],"collection":[{"href":"https:\/\/hotianwindows.com\/fr\/wp-json\/wp\/v2\/product"}],"about":[{"href":"https:\/\/hotianwindows.com\/fr\/wp-json\/wp\/v2\/types\/product"}],"wp:featuredmedia":[{"embeddable":true,"href":"https:\/\/hotianwindows.com\/fr\/wp-json\/wp\/v2\/media\/3256"}],"wp:attachment":[{"href":"https:\/\/hotianwindows.com\/fr\/wp-json\/wp\/v2\/media?parent=1519"}],"wp:term":[{"taxonomy":"category","embeddable":true,"href":"https:\/\/hotianwindows.com\/fr\/wp-json\/wp\/v2\/categories?post=1519"}],"curies":[{"name":"wp","href":"https:\/\/api.w.org\/{rel}","templated":true}]}}