{"id":1499,"date":"2024-09-20T10:52:21","date_gmt":"2024-09-20T10:52:21","guid":{"rendered":"https:\/\/hotianwindows.com\/?post_type=products&#038;p=1499"},"modified":"2025-10-29T15:57:06","modified_gmt":"2025-10-29T07:57:06","slug":"european-single-hung-windows","status":"publish","type":"product","link":"https:\/\/hotianwindows.com\/fr\/product\/european-single-hung-windows\/","title":{"rendered":"Fen\u00eatres \u00e0 guillotine simple de style europ\u00e9en classique"},"content":{"rendered":"","protected":false},"featured_media":3308,"template":"","categories":[14],"class_list":["post-1499","product","type-product","status-publish","has-post-thumbnail","hentry","category-single-hung-windows"],"acf":[],"_links":{"self":[{"href":"https:\/\/hotianwindows.com\/fr\/wp-json\/wp\/v2\/product\/1499","targetHints":{"allow":["GET"]}}],"collection":[{"href":"https:\/\/hotianwindows.com\/fr\/wp-json\/wp\/v2\/product"}],"about":[{"href":"https:\/\/hotianwindows.com\/fr\/wp-json\/wp\/v2\/types\/product"}],"wp:featuredmedia":[{"embeddable":true,"href":"https:\/\/hotianwindows.com\/fr\/wp-json\/wp\/v2\/media\/3308"}],"wp:attachment":[{"href":"https:\/\/hotianwindows.com\/fr\/wp-json\/wp\/v2\/media?parent=1499"}],"wp:term":[{"taxonomy":"category","embeddable":true,"href":"https:\/\/hotianwindows.com\/fr\/wp-json\/wp\/v2\/categories?post=1499"}],"curies":[{"name":"wp","href":"https:\/\/api.w.org\/{rel}","templated":true}]}}