{"id":1496,"date":"2024-09-20T10:48:30","date_gmt":"2024-09-20T10:48:30","guid":{"rendered":"https:\/\/hotianwindows.com\/?post_type=products&#038;p=1496"},"modified":"2025-10-28T17:52:28","modified_gmt":"2025-10-28T09:52:28","slug":"solid-wood-door","status":"publish","type":"product","link":"https:\/\/hotianwindows.com\/fr\/product\/solid-wood-door\/","title":{"rendered":"Portes d&#039;entr\u00e9e int\u00e9rieures en bois massif de qualit\u00e9 sup\u00e9rieure Hotian"},"content":{"rendered":"","protected":false},"featured_media":3356,"template":"","categories":[10],"class_list":["post-1496","product","type-product","status-publish","has-post-thumbnail","hentry","category-wood-doors"],"acf":[],"_links":{"self":[{"href":"https:\/\/hotianwindows.com\/fr\/wp-json\/wp\/v2\/product\/1496","targetHints":{"allow":["GET"]}}],"collection":[{"href":"https:\/\/hotianwindows.com\/fr\/wp-json\/wp\/v2\/product"}],"about":[{"href":"https:\/\/hotianwindows.com\/fr\/wp-json\/wp\/v2\/types\/product"}],"wp:featuredmedia":[{"embeddable":true,"href":"https:\/\/hotianwindows.com\/fr\/wp-json\/wp\/v2\/media\/3356"}],"wp:attachment":[{"href":"https:\/\/hotianwindows.com\/fr\/wp-json\/wp\/v2\/media?parent=1496"}],"wp:term":[{"taxonomy":"category","embeddable":true,"href":"https:\/\/hotianwindows.com\/fr\/wp-json\/wp\/v2\/categories?post=1496"}],"curies":[{"name":"wp","href":"https:\/\/api.w.org\/{rel}","templated":true}]}}