{"id":4788,"date":"2025-01-10T15:07:02","date_gmt":"2025-01-10T07:07:02","guid":{"rendered":"https:\/\/hotianwindows.com\/?page_id=4788"},"modified":"2025-01-10T17:28:57","modified_gmt":"2025-01-10T09:28:57","slug":"custom-steel-french-door","status":"publish","type":"page","link":"https:\/\/hotianwindows.com\/fr\/custom-steel-french-door\/","title":{"rendered":"Portes fran\u00e7aises en acier sur mesure"},"content":{"rendered":"<div data-elementor-type=\"wp-page\" data-elementor-id=\"4788\" class=\"elementor elementor-4788\" data-elementor-post-type=\"page\">\n\t\t\t\t<div class=\"elementor-element elementor-element-9e050cc e-flex e-con-boxed e-con e-parent\" data-id=\"9e050cc\" data-element_type=\"container\" data-settings=\"{&quot;background_background&quot;:&quot;classic&quot;}\">\n\t\t\t\t\t<div class=\"e-con-inner\">\n\t\t\t\t<div class=\"elementor-element elementor-element-3d1df9f elementor-widget elementor-widget-heading\" data-id=\"3d1df9f\" data-element_type=\"widget\" data-widget_type=\"heading.default\">\n\t\t\t\t<div class=\"elementor-widget-container\">\n\t\t\t\t\t<h1 class=\"elementor-heading-title elementor-size-default\">Portes fran\u00e7aises en acier sur mesure<\/h1>\t\t\t\t<\/div>\n\t\t\t\t<\/div>\n\t\t\t\t<div class=\"elementor-element elementor-element-7f7d65b elementor-widget elementor-widget-pp-breadcrumbs\" data-id=\"7f7d65b\" data-element_type=\"widget\" data-settings=\"{&quot;breadcrumbs_type&quot;:&quot;rankmath&quot;}\" data-widget_type=\"pp-breadcrumbs.default\">\n\t\t\t\t<div class=\"elementor-widget-container\">\n\t\t\t\t\t\t\t\t\t<div class=\"pp-breadcrumbs pp-breadcrumbs-rankmath\">\n\t\t\t\t\t<nav aria-label=\"chapelure\" class=\"rank-math-breadcrumb\"><p><span class=\"last\">Maison<\/span><\/p><\/nav>\t\t\t\t<\/div>\n\t\t\t\t\t\t\t\t<\/div>\n\t\t\t\t<\/div>\n\t\t\t\t\t<\/div>\n\t\t\t\t<\/div>\n\t\t\t\t<section class=\"elementor-section elementor-top-section elementor-element elementor-element-51c1315a elementor-section-boxed elementor-section-height-default elementor-section-height-default\" data-id=\"51c1315a\" data-element_type=\"section\">\n\t\t\t\t\t\t<div class=\"elementor-container elementor-column-gap-default\">\n\t\t\t\t\t<div class=\"elementor-column elementor-col-50 elementor-top-column elementor-element elementor-element-dad3587\" data-id=\"dad3587\" data-element_type=\"column\">\n\t\t\t<div class=\"elementor-widget-wrap elementor-element-populated\">\n\t\t\t\t\t\t<div class=\"elementor-element elementor-element-3d2083cf elementor-widget elementor-widget-heading\" data-id=\"3d2083cf\" data-element_type=\"widget\" data-widget_type=\"heading.default\">\n\t\t\t\t<div class=\"elementor-widget-container\">\n\t\t\t\t\t<h2 class=\"elementor-heading-title elementor-size-default\">Embellissez vos espaces avec des portes fran\u00e7aises en acier de qualit\u00e9 sup\u00e9rieure<\/h2>\t\t\t\t<\/div>\n\t\t\t\t<\/div>\n\t\t\t\t<div class=\"elementor-element elementor-element-7b67e297 elementor-widget elementor-widget-text-editor\" data-id=\"7b67e297\" data-element_type=\"widget\" data-widget_type=\"text-editor.default\">\n\t\t\t\t<div class=\"elementor-widget-container\">\n\t\t\t\t\t\t\t\t\t<p>D\u00e9couvrez le m\u00e9lange parfait d&#039;\u00e9l\u00e9gance et de solidit\u00e9 avec nos portes-fen\u00eatres en acier de qualit\u00e9 sup\u00e9rieure. Con\u00e7ues de main de ma\u00eetre pour mettre en valeur n&#039;importe quel cadre architectural, ces portes allient un design intemporel \u00e0 l&#039;excellence de l&#039;ing\u00e9nierie moderne.<b>portes sur mesure<\/b> Les portes de garage offrent bien plus qu\u2019une esth\u00e9tique remarquable : elles offrent une s\u00e9curit\u00e9 sup\u00e9rieure, une efficacit\u00e9 \u00e9nerg\u00e9tique et une durabilit\u00e9 \u00e0 long terme. Transformez votre espace avec des portes qui font sensation tout en fonctionnant parfaitement pendant des ann\u00e9es.<\/p>\t\t\t\t\t\t\t\t<\/div>\n\t\t\t\t<\/div>\n\t\t\t\t\t<\/div>\n\t\t<\/div>\n\t\t\t\t<div class=\"elementor-column elementor-col-50 elementor-top-column elementor-element elementor-element-1b874618\" data-id=\"1b874618\" data-element_type=\"column\">\n\t\t\t<div class=\"elementor-widget-wrap elementor-element-populated\">\n\t\t\t\t\t\t<div class=\"elementor-element elementor-element-383c8a85 elementor-widget elementor-widget-image\" data-id=\"383c8a85\" data-element_type=\"widget\" data-widget_type=\"image.default\">\n\t\t\t\t<div class=\"elementor-widget-container\">\n\t\t\t\t\t\t\t\t\t\t\t\t\t\t\t<img fetchpriority=\"high\" decoding=\"async\" width=\"500\" height=\"375\" src=\"https:\/\/hotianwindows.com\/wp-content\/uploads\/2024\/09\/door-so4-pic02.jpg\" class=\"attachment-full size-full wp-image-1858\" alt=\"\" srcset=\"https:\/\/hotianwindows.com\/wp-content\/uploads\/2024\/09\/door-so4-pic02.jpg 500w, https:\/\/hotianwindows.com\/wp-content\/uploads\/2024\/09\/door-so4-pic02-300x225.jpg 300w\" sizes=\"(max-width: 500px) 100vw, 500px\" title=\"\">\t\t\t\t\t\t\t\t\t\t\t\t\t\t\t<\/div>\n\t\t\t\t<\/div>\n\t\t\t\t\t<\/div>\n\t\t<\/div>\n\t\t\t\t\t<\/div>\n\t\t<\/section>\n\t\t<div class=\"elementor-element elementor-element-060ff43 e-flex e-con-boxed e-con e-parent\" data-id=\"060ff43\" data-element_type=\"container\">\n\t\t\t\t\t<div class=\"e-con-inner\">\n\t\t<div class=\"elementor-element elementor-element-5a6ca57 e-con-full e-flex e-con e-child\" data-id=\"5a6ca57\" data-element_type=\"container\">\n\t\t\t\t<div class=\"elementor-element elementor-element-5a5dbd4 elementor-align-left elementor-widget elementor-widget-button\" data-id=\"5a5dbd4\" data-element_type=\"widget\" data-widget_type=\"button.default\">\n\t\t\t\t<div class=\"elementor-widget-container\">\n\t\t\t\t\t\t\t\t\t<div class=\"elementor-button-wrapper\">\n\t\t\t\t\t<a class=\"elementor-button elementor-button-link elementor-size-sm\" href=\"\/fr\/customization\/\">\n\t\t\t\t\t\t<span class=\"elementor-button-content-wrapper\">\n\t\t\t\t\t\t\t\t\t<span class=\"elementor-button-text\">Personnalisez la porte-fen\u00eatre maintenant<\/span>\n\t\t\t\t\t<\/span>\n\t\t\t\t\t<\/a>\n\t\t\t\t<\/div>\n\t\t\t\t\t\t\t\t<\/div>\n\t\t\t\t<\/div>\n\t\t\t\t<\/div>\n\t\t<div class=\"elementor-element elementor-element-125fa00 e-con-full e-flex e-con e-child\" data-id=\"125fa00\" data-element_type=\"container\">\n\t\t\t\t<\/div>\n\t\t\t\t\t<\/div>\n\t\t\t\t<\/div>\n\t\t\t\t<\/div>","protected":false},"excerpt":{"rendered":"<p>Portes-fen\u00eatres en acier sur mesure\u00a0: sublimez vos espaces avec des portes-fen\u00eatres en acier de qualit\u00e9 sup\u00e9rieure. D\u00e9couvrez l&#039;alliance parfaite de l&#039;\u00e9l\u00e9gance et de la robustesse avec nos portes-fen\u00eatres en acier haut de gamme. Con\u00e7ues avec brio pour sublimer tout type d&#039;architecture, ces portes allient design intemporel et excellence technique moderne. Nos portes sur mesure offrent bien plus qu&#039;une esth\u00e9tique remarquable\u00a0: elles [\u2026]<\/p>","protected":false},"author":1,"featured_media":0,"parent":0,"menu_order":0,"comment_status":"closed","ping_status":"closed","template":"elementor_theme","meta":{"footnotes":""},"class_list":["post-4788","page","type-page","status-publish","hentry"],"acf":[],"_links":{"self":[{"href":"https:\/\/hotianwindows.com\/fr\/wp-json\/wp\/v2\/pages\/4788","targetHints":{"allow":["GET"]}}],"collection":[{"href":"https:\/\/hotianwindows.com\/fr\/wp-json\/wp\/v2\/pages"}],"about":[{"href":"https:\/\/hotianwindows.com\/fr\/wp-json\/wp\/v2\/types\/page"}],"author":[{"embeddable":true,"href":"https:\/\/hotianwindows.com\/fr\/wp-json\/wp\/v2\/users\/1"}],"replies":[{"embeddable":true,"href":"https:\/\/hotianwindows.com\/fr\/wp-json\/wp\/v2\/comments?post=4788"}],"version-history":[{"count":0,"href":"https:\/\/hotianwindows.com\/fr\/wp-json\/wp\/v2\/pages\/4788\/revisions"}],"wp:attachment":[{"href":"https:\/\/hotianwindows.com\/fr\/wp-json\/wp\/v2\/media?parent=4788"}],"curies":[{"name":"wp","href":"https:\/\/api.w.org\/{rel}","templated":true}]}}