{"id":8592,"date":"2025-05-19T13:08:56","date_gmt":"2025-05-19T05:08:56","guid":{"rendered":"https:\/\/hotianwindows.com\/?post_type=product&#038;p=8592"},"modified":"2025-06-12T13:53:37","modified_gmt":"2025-06-12T05:53:37","slug":"double-sliding-barn-doors","status":"publish","type":"product","link":"https:\/\/hotianwindows.com\/de\/product\/double-sliding-barn-doors\/","title":{"rendered":"Zeitgen\u00f6ssische Doppelschiebet\u00fcren im Scheunenstil aus Eisen und Stahl im franz\u00f6sischen Gitterdesign"},"content":{"rendered":"","protected":false},"featured_media":8594,"template":"","categories":[24],"class_list":["post-8592","product","type-product","status-publish","has-post-thumbnail","hentry","category-barn-door"],"acf":[],"_links":{"self":[{"href":"https:\/\/hotianwindows.com\/de\/wp-json\/wp\/v2\/product\/8592","targetHints":{"allow":["GET"]}}],"collection":[{"href":"https:\/\/hotianwindows.com\/de\/wp-json\/wp\/v2\/product"}],"about":[{"href":"https:\/\/hotianwindows.com\/de\/wp-json\/wp\/v2\/types\/product"}],"wp:featuredmedia":[{"embeddable":true,"href":"https:\/\/hotianwindows.com\/de\/wp-json\/wp\/v2\/media\/8594"}],"wp:attachment":[{"href":"https:\/\/hotianwindows.com\/de\/wp-json\/wp\/v2\/media?parent=8592"}],"wp:term":[{"taxonomy":"category","embeddable":true,"href":"https:\/\/hotianwindows.com\/de\/wp-json\/wp\/v2\/categories?post=8592"}],"curies":[{"name":"wp","href":"https:\/\/api.w.org\/{rel}","templated":true}]}}