{"id":6239,"date":"2025-06-13T10:11:51","date_gmt":"2025-06-13T02:11:51","guid":{"rendered":"https:\/\/hotianwindows.com\/?post_type=product&#038;p=6239"},"modified":"2026-01-19T15:26:00","modified_gmt":"2026-01-19T07:26:00","slug":"large-awning-window","status":"publish","type":"product","link":"https:\/\/hotianwindows.com\/de\/product\/large-awning-window\/","title":{"rendered":"Gro\u00dfes Markisenfenster Mattschwarzer Aluminiumrahmen f\u00fcr den Au\u00dfenbereich"},"content":{"rendered":"<p>\u200b<\/p>\n\n\n\n<p><\/p>","protected":false},"featured_media":6245,"template":"","categories":[37,39],"class_list":["post-6239","product","type-product","status-publish","has-post-thumbnail","hentry","category-aluminum-windows","category-awning-windows"],"acf":[],"_links":{"self":[{"href":"https:\/\/hotianwindows.com\/de\/wp-json\/wp\/v2\/product\/6239","targetHints":{"allow":["GET"]}}],"collection":[{"href":"https:\/\/hotianwindows.com\/de\/wp-json\/wp\/v2\/product"}],"about":[{"href":"https:\/\/hotianwindows.com\/de\/wp-json\/wp\/v2\/types\/product"}],"wp:featuredmedia":[{"embeddable":true,"href":"https:\/\/hotianwindows.com\/de\/wp-json\/wp\/v2\/media\/6245"}],"wp:attachment":[{"href":"https:\/\/hotianwindows.com\/de\/wp-json\/wp\/v2\/media?parent=6239"}],"wp:term":[{"taxonomy":"category","embeddable":true,"href":"https:\/\/hotianwindows.com\/de\/wp-json\/wp\/v2\/categories?post=6239"}],"curies":[{"name":"wp","href":"https:\/\/api.w.org\/{rel}","templated":true}]}}