{"id":5768,"date":"2025-03-11T21:01:13","date_gmt":"2025-03-11T13:01:13","guid":{"rendered":"https:\/\/hotianwindows.com\/?post_type=product&#038;p=5768"},"modified":"2025-10-29T16:54:42","modified_gmt":"2025-10-29T08:54:42","slug":"aluminum-4-panel-sliding-doors","status":"publish","type":"product","link":"https:\/\/hotianwindows.com\/de\/product\/aluminum-4-panel-sliding-doors\/","title":{"rendered":"Schiebet\u00fcren aus Aluminiumlegierung mit 4 Paneelen, Sondergr\u00f6\u00dfen"},"content":{"rendered":"<p><\/p>\n\n\n\n<p><\/p>","protected":false},"featured_media":5770,"template":"","categories":[11,27],"class_list":["post-5768","product","type-product","status-publish","has-post-thumbnail","hentry","category-aluminum-doors","category-sliding-doors"],"acf":[],"_links":{"self":[{"href":"https:\/\/hotianwindows.com\/de\/wp-json\/wp\/v2\/product\/5768","targetHints":{"allow":["GET"]}}],"collection":[{"href":"https:\/\/hotianwindows.com\/de\/wp-json\/wp\/v2\/product"}],"about":[{"href":"https:\/\/hotianwindows.com\/de\/wp-json\/wp\/v2\/types\/product"}],"wp:featuredmedia":[{"embeddable":true,"href":"https:\/\/hotianwindows.com\/de\/wp-json\/wp\/v2\/media\/5770"}],"wp:attachment":[{"href":"https:\/\/hotianwindows.com\/de\/wp-json\/wp\/v2\/media?parent=5768"}],"wp:term":[{"taxonomy":"category","embeddable":true,"href":"https:\/\/hotianwindows.com\/de\/wp-json\/wp\/v2\/categories?post=5768"}],"curies":[{"name":"wp","href":"https:\/\/api.w.org\/{rel}","templated":true}]}}