{"id":4964,"date":"2025-02-11T21:37:54","date_gmt":"2025-02-11T13:37:54","guid":{"rendered":"https:\/\/hotianwindows.com\/?post_type=product&#038;p=4964"},"modified":"2025-10-29T16:14:21","modified_gmt":"2025-10-29T08:14:21","slug":"4-lites-steel-french-glass-doors","status":"publish","type":"product","link":"https:\/\/hotianwindows.com\/de\/product\/4-lites-steel-french-glass-doors\/","title":{"rendered":"4-fl\u00fcgelige franz\u00f6sische Glast\u00fcren aus Stahl mit geriffeltem Glas"},"content":{"rendered":"","protected":false},"featured_media":4966,"template":"","categories":[9],"class_list":["post-4964","product","type-product","status-publish","has-post-thumbnail","hentry","category-steel-french-doors"],"acf":[],"_links":{"self":[{"href":"https:\/\/hotianwindows.com\/de\/wp-json\/wp\/v2\/product\/4964","targetHints":{"allow":["GET"]}}],"collection":[{"href":"https:\/\/hotianwindows.com\/de\/wp-json\/wp\/v2\/product"}],"about":[{"href":"https:\/\/hotianwindows.com\/de\/wp-json\/wp\/v2\/types\/product"}],"wp:featuredmedia":[{"embeddable":true,"href":"https:\/\/hotianwindows.com\/de\/wp-json\/wp\/v2\/media\/4966"}],"wp:attachment":[{"href":"https:\/\/hotianwindows.com\/de\/wp-json\/wp\/v2\/media?parent=4964"}],"wp:term":[{"taxonomy":"category","embeddable":true,"href":"https:\/\/hotianwindows.com\/de\/wp-json\/wp\/v2\/categories?post=4964"}],"curies":[{"name":"wp","href":"https:\/\/api.w.org\/{rel}","templated":true}]}}