{"id":4788,"date":"2025-01-10T15:07:02","date_gmt":"2025-01-10T07:07:02","guid":{"rendered":"https:\/\/hotianwindows.com\/?page_id=4788"},"modified":"2025-01-10T17:28:57","modified_gmt":"2025-01-10T09:28:57","slug":"custom-steel-french-door","status":"publish","type":"page","link":"https:\/\/hotianwindows.com\/de\/custom-steel-french-door\/","title":{"rendered":"Ma\u00dfgefertigte franz\u00f6sische Stahlt\u00fcren"},"content":{"rendered":"<div data-elementor-type=\"wp-page\" data-elementor-id=\"4788\" class=\"elementor elementor-4788\" data-elementor-post-type=\"page\">\n\t\t\t\t<div class=\"elementor-element elementor-element-9e050cc e-flex e-con-boxed e-con e-parent\" data-id=\"9e050cc\" data-element_type=\"container\" data-settings=\"{&quot;background_background&quot;:&quot;classic&quot;}\">\n\t\t\t\t\t<div class=\"e-con-inner\">\n\t\t\t\t<div class=\"elementor-element elementor-element-3d1df9f elementor-widget elementor-widget-heading\" data-id=\"3d1df9f\" data-element_type=\"widget\" data-widget_type=\"heading.default\">\n\t\t\t\t<div class=\"elementor-widget-container\">\n\t\t\t\t\t<h1 class=\"elementor-heading-title elementor-size-default\">Ma\u00dfgefertigte franz\u00f6sische T\u00fcren aus Stahl<\/h1>\t\t\t\t<\/div>\n\t\t\t\t<\/div>\n\t\t\t\t<div class=\"elementor-element elementor-element-7f7d65b elementor-widget elementor-widget-pp-breadcrumbs\" data-id=\"7f7d65b\" data-element_type=\"widget\" data-settings=\"{&quot;breadcrumbs_type&quot;:&quot;rankmath&quot;}\" data-widget_type=\"pp-breadcrumbs.default\">\n\t\t\t\t<div class=\"elementor-widget-container\">\n\t\t\t\t\t\t\t\t\t<div class=\"pp-breadcrumbs pp-breadcrumbs-rankmath\">\n\t\t\t\t\t<nav aria-label=\"Paniermehl\" class=\"rank-math-breadcrumb\"><p><span class=\"last\">Heim<\/span><\/p><\/nav>\t\t\t\t<\/div>\n\t\t\t\t\t\t\t\t<\/div>\n\t\t\t\t<\/div>\n\t\t\t\t\t<\/div>\n\t\t\t\t<\/div>\n\t\t\t\t<section class=\"elementor-section elementor-top-section elementor-element elementor-element-51c1315a elementor-section-boxed elementor-section-height-default elementor-section-height-default\" data-id=\"51c1315a\" data-element_type=\"section\">\n\t\t\t\t\t\t<div class=\"elementor-container elementor-column-gap-default\">\n\t\t\t\t\t<div class=\"elementor-column elementor-col-50 elementor-top-column elementor-element elementor-element-dad3587\" data-id=\"dad3587\" data-element_type=\"column\">\n\t\t\t<div class=\"elementor-widget-wrap elementor-element-populated\">\n\t\t\t\t\t\t<div class=\"elementor-element elementor-element-3d2083cf elementor-widget elementor-widget-heading\" data-id=\"3d2083cf\" data-element_type=\"widget\" data-widget_type=\"heading.default\">\n\t\t\t\t<div class=\"elementor-widget-container\">\n\t\t\t\t\t<h2 class=\"elementor-heading-title elementor-size-default\">Werten Sie Ihre R\u00e4ume mit franz\u00f6sischen Stahlt\u00fcren in Premiumqualit\u00e4t auf<\/h2>\t\t\t\t<\/div>\n\t\t\t\t<\/div>\n\t\t\t\t<div class=\"elementor-element elementor-element-7b67e297 elementor-widget elementor-widget-text-editor\" data-id=\"7b67e297\" data-element_type=\"widget\" data-widget_type=\"text-editor.default\">\n\t\t\t\t<div class=\"elementor-widget-container\">\n\t\t\t\t\t\t\t\t\t<p>Entdecken Sie die perfekte Mischung aus Eleganz und St\u00e4rke mit unseren franz\u00f6sischen T\u00fcren aus hochwertigem Stahl. Meisterhaft gefertigt, um jede architektonische Umgebung aufzuwerten, vereinen diese T\u00fcren zeitloses Design mit moderner technischer Exzellenz. Unsere c<b>T\u00fcren nach Ma\u00df<\/b> bieten mehr als nur eine beeindruckende \u00c4sthetik \u2013 sie bieten \u00fcberlegene Sicherheit, Energieeffizienz und dauerhafte Haltbarkeit. Verwandeln Sie Ihren Raum mit T\u00fcren, die ein Statement setzen und \u00fcber Jahre hinweg einwandfrei funktionieren.<\/p>\t\t\t\t\t\t\t\t<\/div>\n\t\t\t\t<\/div>\n\t\t\t\t\t<\/div>\n\t\t<\/div>\n\t\t\t\t<div class=\"elementor-column elementor-col-50 elementor-top-column elementor-element elementor-element-1b874618\" data-id=\"1b874618\" data-element_type=\"column\">\n\t\t\t<div class=\"elementor-widget-wrap elementor-element-populated\">\n\t\t\t\t\t\t<div class=\"elementor-element elementor-element-383c8a85 elementor-widget elementor-widget-image\" data-id=\"383c8a85\" data-element_type=\"widget\" data-widget_type=\"image.default\">\n\t\t\t\t<div class=\"elementor-widget-container\">\n\t\t\t\t\t\t\t\t\t\t\t\t\t\t\t<img fetchpriority=\"high\" decoding=\"async\" width=\"500\" height=\"375\" src=\"https:\/\/hotianwindows.com\/wp-content\/uploads\/2024\/09\/door-so4-pic02.jpg\" class=\"attachment-full size-full wp-image-1858\" alt=\"\" srcset=\"https:\/\/hotianwindows.com\/wp-content\/uploads\/2024\/09\/door-so4-pic02.jpg 500w, https:\/\/hotianwindows.com\/wp-content\/uploads\/2024\/09\/door-so4-pic02-300x225.jpg 300w\" sizes=\"(max-width: 500px) 100vw, 500px\" title=\"\">\t\t\t\t\t\t\t\t\t\t\t\t\t\t\t<\/div>\n\t\t\t\t<\/div>\n\t\t\t\t\t<\/div>\n\t\t<\/div>\n\t\t\t\t\t<\/div>\n\t\t<\/section>\n\t\t<div class=\"elementor-element elementor-element-060ff43 e-flex e-con-boxed e-con e-parent\" data-id=\"060ff43\" data-element_type=\"container\">\n\t\t\t\t\t<div class=\"e-con-inner\">\n\t\t<div class=\"elementor-element elementor-element-5a6ca57 e-con-full e-flex e-con e-child\" data-id=\"5a6ca57\" data-element_type=\"container\">\n\t\t\t\t<div class=\"elementor-element elementor-element-5a5dbd4 elementor-align-left elementor-widget elementor-widget-button\" data-id=\"5a5dbd4\" data-element_type=\"widget\" data-widget_type=\"button.default\">\n\t\t\t\t<div class=\"elementor-widget-container\">\n\t\t\t\t\t\t\t\t\t<div class=\"elementor-button-wrapper\">\n\t\t\t\t\t<a class=\"elementor-button elementor-button-link elementor-size-sm\" href=\"\/de\/customization\/\">\n\t\t\t\t\t\t<span class=\"elementor-button-content-wrapper\">\n\t\t\t\t\t\t\t\t\t<span class=\"elementor-button-text\">Passen Sie die Fenstert\u00fcr jetzt individuell an<\/span>\n\t\t\t\t\t<\/span>\n\t\t\t\t\t<\/a>\n\t\t\t\t<\/div>\n\t\t\t\t\t\t\t\t<\/div>\n\t\t\t\t<\/div>\n\t\t\t\t<\/div>\n\t\t<div class=\"elementor-element elementor-element-125fa00 e-con-full e-flex e-con e-child\" data-id=\"125fa00\" data-element_type=\"container\">\n\t\t\t\t<\/div>\n\t\t\t\t\t<\/div>\n\t\t\t\t<\/div>\n\t\t\t\t<\/div>","protected":false},"excerpt":{"rendered":"<p>Ma\u00dfgefertigte franz\u00f6sische Stahlt\u00fcren Home Versch\u00f6nern Sie Ihre R\u00e4ume mit hochwertigen franz\u00f6sischen Stahlt\u00fcren. Entdecken Sie die perfekte Kombination aus Eleganz und Robustheit mit unseren hochwertigen franz\u00f6sischen Stahlt\u00fcren. Meisterhaft gefertigt, werten diese T\u00fcren jedes architektonische Ambiente auf und vereinen zeitloses Design mit modernster Ingenieurskunst. Unsere ma\u00dfgefertigten T\u00fcren bieten mehr als nur beeindruckende \u00c4sthetik \u2013 sie [\u2026]<\/p>","protected":false},"author":1,"featured_media":0,"parent":0,"menu_order":0,"comment_status":"closed","ping_status":"closed","template":"elementor_theme","meta":{"footnotes":""},"class_list":["post-4788","page","type-page","status-publish","hentry"],"acf":[],"_links":{"self":[{"href":"https:\/\/hotianwindows.com\/de\/wp-json\/wp\/v2\/pages\/4788","targetHints":{"allow":["GET"]}}],"collection":[{"href":"https:\/\/hotianwindows.com\/de\/wp-json\/wp\/v2\/pages"}],"about":[{"href":"https:\/\/hotianwindows.com\/de\/wp-json\/wp\/v2\/types\/page"}],"author":[{"embeddable":true,"href":"https:\/\/hotianwindows.com\/de\/wp-json\/wp\/v2\/users\/1"}],"replies":[{"embeddable":true,"href":"https:\/\/hotianwindows.com\/de\/wp-json\/wp\/v2\/comments?post=4788"}],"version-history":[{"count":0,"href":"https:\/\/hotianwindows.com\/de\/wp-json\/wp\/v2\/pages\/4788\/revisions"}],"wp:attachment":[{"href":"https:\/\/hotianwindows.com\/de\/wp-json\/wp\/v2\/media?parent=4788"}],"curies":[{"name":"wp","href":"https:\/\/api.w.org\/{rel}","templated":true}]}}